{"id":607,"date":"2022-06-15T10:18:17","date_gmt":"2022-06-15T10:18:17","guid":{"rendered":"https:\/\/startersites.io\/stagingfour\/?page_id=607"},"modified":"2026-02-22T08:08:51","modified_gmt":"2026-02-22T08:08:51","slug":"about","status":"publish","type":"page","link":"https:\/\/gccswiss.ch\/fr\/about\/","title":{"rendered":"\u00c0 propos de nous"},"content":{"rendered":"<div class=\"wp-block-stackable-spacer stk-block-spacer stk--no-padding stk-block stk-b2c1613\" data-block-id=\"b2c1613\"><style>.stk-b2c1613 {height:130px !important;}@media screen and (max-width:999px){.stk-b2c1613 {height:70px !important;}}<\/style><\/div>\n\n\n\n<div class=\"wp-block-stackable-columns stk-block-columns stk-block stk-e84acda\" data-block-id=\"e84acda\"><style>.stk-e84acda .stk--block-align-e84acda{align-items:flex-start !important;}.stk-e84acda {margin-bottom:0px !important;}.stk-e84acda-column{--stk-column-gap:50px !important;row-gap:50px !important;}@media screen and (max-width:999px){.stk-e84acda-column{--stk-column-gap:30px !important;}}<\/style><div class=\"stk-row stk-inner-blocks stk--block-align-e84acda stk-block-content stk-content-align stk-e84acda-column\">\n<div class=\"wp-block-stackable-column stk-block-column stk-column stk-block stk-cfe225c\" data-v=\"4\" data-block-id=\"cfe225c\"><style>.stk-cfe225c-container{margin-top:0px !important;margin-right:0px !important;margin-bottom:0px !important;margin-left:0px !important;}@media screen and (min-width:690px){.stk-cfe225c {flex:var(--stk-flex-grow, 1) 1 calc(45.099999999999994% - var(--stk-column-gap, 0px) * 1 \/ 2 ) !important;}}@media screen and (min-width:690px) and (max-width:999px){.stk-cfe225c {flex:var(--stk-flex-grow, 1) 1 calc(40% - var(--stk-column-gap, 0px) * 1 \/ 2 ) !important;}}<\/style><div class=\"stk-column-wrapper stk-block-column__content stk-container stk-cfe225c-container stk--no-background stk--no-padding\"><div class=\"stk-block-content stk-inner-blocks stk-cfe225c-inner-blocks\">\n<div class=\"wp-block-stackable-image stk-block-image stk-block stk-6c5aab5\" data-block-id=\"6c5aab5\"><figure><span class=\"stk-img-wrapper stk-image--shape-stretch\"><img loading=\"lazy\" decoding=\"async\" class=\"stk-img wp-image-754\" src=\"https:\/\/gccswiss.ch\/wp-content\/uploads\/2025\/09\/1757343147155.jpg\" width=\"1502\" height=\"2230\" srcset=\"https:\/\/gccswiss.ch\/wp-content\/uploads\/2025\/09\/1757343147155.jpg 1502w, https:\/\/gccswiss.ch\/wp-content\/uploads\/2025\/09\/1757343147155-202x300.jpg 202w, https:\/\/gccswiss.ch\/wp-content\/uploads\/2025\/09\/1757343147155-690x1024.jpg 690w, https:\/\/gccswiss.ch\/wp-content\/uploads\/2025\/09\/1757343147155-768x1140.jpg 768w, https:\/\/gccswiss.ch\/wp-content\/uploads\/2025\/09\/1757343147155-1035x1536.jpg 1035w, https:\/\/gccswiss.ch\/wp-content\/uploads\/2025\/09\/1757343147155-1379x2048.jpg 1379w\" sizes=\"auto, (max-width: 1502px) 100vw, 1502px\" \/><\/span><\/figure><\/div>\n<\/div><\/div><\/div>\n\n\n\n<div class=\"wp-block-stackable-column stk-block-column stk-column stk-block stk-fb8865e\" data-v=\"4\" data-block-id=\"fb8865e\"><style>.stk-fb8865e-container{margin-top:0px !important;margin-right:0px !important;margin-bottom:0px !important;margin-left:0px !important;}.stk-fb8865e {align-self:flex-start !important;}@media screen and (min-width:690px){.stk-fb8865e {flex:var(--stk-flex-grow, 1) 1 calc(54.9% - var(--stk-column-gap, 0px) * 1 \/ 2 ) !important;}}@media screen and (min-width:690px) and (max-width:999px){.stk-fb8865e {flex:var(--stk-flex-grow, 1) 1 calc(60% - var(--stk-column-gap, 0px) * 1 \/ 2 ) !important;}}<\/style><div class=\"stk-column-wrapper stk-block-column__content stk-container stk-fb8865e-container stk--no-background stk--no-padding\"><div class=\"has-text-align-center-mobile stk-block-content stk-inner-blocks stk-fb8865e-inner-blocks\">\n<div class=\"wp-block-stackable-heading stk-block-heading stk-block-heading--v2 stk-block stk-4ead935\" id=\"strong-\u745e\u58eb\u65e5\u5185\u74e6-strong-\u534e\u4eba-strong-\u5408\u5531\u56e2\u7b80\u4ecb-strong\" data-block-id=\"4ead935\"><style>.stk-4ead935 {margin-bottom:20px !important;}.stk-4ead935 .stk-block-heading__text{font-size:25px !important;}@media screen and (max-width:999px){.stk-4ead935 .stk-block-heading__text{font-size:25px !important;}}<\/style><h2 class=\"stk-block-heading__text stk-block-heading--use-theme-margins\"><strong>Gen\u00e8ve, Suisse<strong>personne ou peuple d'origine chinoise<\/strong>Pr\u00e9sentation de la chorale<\/strong><\/h2><\/div>\n\n\n\n<div class=\"wp-block-stackable-divider stk-block-divider has-text-align-left has-text-align-center-mobile stk-block stk-c5b9e13 is-style-bar\" data-block-id=\"c5b9e13\"><style>.stk-c5b9e13 hr.stk-block-divider__hr{background:var(--theme-palette-color-1, #7456f1) !important;border-radius:calc(3px \/ 2) !important;height:3px !important;width:10% !important;}.stk-c5b9e13 {margin-bottom:30px !important;}<\/style><hr class=\"stk-block-divider__hr\"\/><\/div>\n\n\n\n<div class=\"wp-block-stackable-columns stk-block-columns stk-block stk-84cd38e\" data-block-id=\"84cd38e\"><style>.stk-84cd38e-column{--stk-column-gap:30px !important;row-gap:30px !important;}<\/style><div class=\"stk-row stk-inner-blocks stk-block-content stk-content-align stk-84cd38e-column\">\n<div class=\"wp-block-stackable-column stk-block-column stk-column stk-block stk-673b59e\" data-v=\"4\" data-block-id=\"673b59e\"><style>.stk-673b59e-container{margin-top:0px !important;margin-right:0px !important;margin-bottom:0px !important;margin-left:0px !important;}<\/style><div class=\"stk-column-wrapper stk-block-column__content stk-container stk-673b59e-container stk--no-background stk--no-padding\"><div class=\"stk-block-content stk-inner-blocks stk-673b59e-inner-blocks\">\n<div class=\"wp-block-stackable-heading stk-block-heading stk-block-heading--v2 stk-block stk-cb9821c\" id=\"\u5408\u5531\u56e2\u6210\u7acb\" data-block-id=\"cb9821c\"><style>.stk-cb9821c {margin-bottom:10px !important;}.stk-cb9821c .stk-block-heading__text{font-size:20px !important;}@media screen and (max-width:999px){.stk-cb9821c .stk-block-heading__text{font-size:20px !important;}}<\/style><h3 class=\"stk-block-heading__text\">Formation des ch\u0153urs<\/h3><\/div>\n\n\n\n<div class=\"wp-block-stackable-text stk-block-text stk-block stk-4c6e287\" data-block-id=\"4c6e287\"><style>.stk-4c6e287 {margin-bottom:30px !important;}<\/style><p class=\"stk-block-text__text\">Le Geneva Chinese Choir a \u00e9t\u00e9 lanc\u00e9 \u00e0 Gen\u00e8ve en 2017 par Mme Helen Shaw, directrice artistique et chef d'orchestre, Mme Zheng Qun, directrice, et M. Luo Xiao, directeur musical et chef d'orchestre associ\u00e9, en tant qu'initiateurs et organisateurs.<br><br>Dans le but d'enrichir la vie culturelle amateur du peuple chinois, de cultiver leur int\u00e9r\u00eat et leur amour, de s'enrichir eux-m\u00eames et de cultiver leurs \u00e9motions, nous avons construit cette plateforme pour servir les amis qui aiment chanter. Les membres de la chorale comprennent des fonctionnaires de tous niveaux travaillant au si\u00e8ge des Nations unies \u00e0 Gen\u00e8ve et dans diverses organisations internationales, des Chinois travaillant et vivant \u00e0 Gen\u00e8ve, ainsi que des amis chinois d'outre-mer de diff\u00e9rents pays. Depuis sa cr\u00e9ation, la chorale a particip\u00e9 activement \u00e0 divers \u00e9changes culturels et a co-organis\u00e9 plusieurs spectacles et c\u00e9l\u00e9brations afin d'enrichir la vie culturelle du peuple chinois.<br><br>La musique n'a pas de fronti\u00e8res, nous aimerions rencontrer des amis avec des chansons, et apporter une modeste contribution \u00e0 l'\u00e9change culturel entre la Chine et la Suisse. La chorale est ouverte \u00e0 la communaut\u00e9, bienvenue \u00e0 vous et \u00e0 celui qui aime chanter en nous, laissez-nous voler en chanson dans leur propre vie facile, bienvenue \u00e0 vous et nous ressentons la joie de chanter, le charme de la musique.<\/p><\/div>\n\n\n\n<div class=\"wp-block-stackable-heading stk-block-heading stk-block-heading--v2 stk-block stk-55258a6\" id=\"strong-\u5408\u5531\u56e2\u8096\u6d77\u4f26\u6307\u6325\u7b80\u4ecb-strong\" data-block-id=\"55258a6\"><style>.stk-55258a6 {margin-bottom:10px !important;}.stk-55258a6 .stk-block-heading__text{font-size:20px !important;}@media screen and (max-width:999px){.stk-55258a6 .stk-block-heading__text{font-size:20px !important;}}<\/style><h3 class=\"stk-block-heading__text\"><strong>Pr\u00e9sentation de la chef de ch\u0153ur Helen Shaw<\/strong><\/h3><\/div>\n\n\n\n<div class=\"wp-block-stackable-text stk-block-text stk-block stk-c23c292\" id=\"molestie\" data-block-id=\"c23c292\"><p class=\"stk-block-text__text\">Membre de l'association chinoise des musiciens de Shanghai<br>Membre de l'Association de la radio et de la t\u00e9l\u00e9vision de Shanghai<br>Directeur des spectacles et directeur artistique de la troupe artistique de la radio et de la t\u00e9l\u00e9vision de Shanghai<br>Membre du comit\u00e9 artistique du Shanghai Television Chorus<br>Directeur artistique et chef d'orchestre de la M\u00e9lodie d'or de l'Association des journalistes de Shanghai<br>Directeur artistique et chef d'orchestre de l'ensemble musical \u201dJe t'aime\u201d, Shanghai<br><\/p><\/div>\n\n\n\n<div class=\"wp-block-stackable-heading stk-block-heading stk-block-heading--v2 stk-block stk-39bf4ff\" id=\"\u5408\u5531\u56e2\u6f14\u51fa\" data-block-id=\"39bf4ff\"><style>.stk-39bf4ff {margin-bottom:10px !important;}.stk-39bf4ff .stk-block-heading__text{font-size:20px !important;}@media screen and (max-width:999px){.stk-39bf4ff .stk-block-heading__text{font-size:20px !important;}}<\/style><h3 class=\"stk-block-heading__text\">Repr\u00e9sentation de la chorale<\/h3><\/div>\n\n\n\n<div class=\"wp-block-stackable-text stk-block-text stk-block stk-aef50a2\" id=\"molestie\" data-block-id=\"aef50a2\"><p class=\"stk-block-text__text\">Depuis sa cr\u00e9ation, le Geneva Chinese Choir a donn\u00e9 plusieurs repr\u00e9sentations :<br>Concert pour l'ann\u00e9e du cheval, Gen\u00e8ve, 6 f\u00e9vrier 2026<br>Repr\u00e9sentations pour le 10e anniversaire de l'Association suisse des anciens \u00e9l\u00e8ves du Fujian le 15 juin 2025<br>La performance commune de Con Brio le 30 mai 2025<br>F\u00eate de la musique de Gen\u00e8ve, fin juin 2024<br>F\u00eate de la musique de Gen\u00e8ve, fin juin 2020<br>Ex\u00e9cution conjointe le 6 juin 2020<br>F\u00eate de la musique de Gen\u00e8ve, 23 juin 2019<br>Gala du Festival de printemps du personnel international, Gen\u00e8ve, 15 f\u00e9vrier 2019<br>Invitation \u00e0 l'ambassade de Berne, 16 d\u00e9cembre 2018<br>Concert sp\u00e9cial le 9 d\u00e9cembre 2018<br>Ex\u00e9cution conjointe le 10 juin 2018<br>Soir\u00e9e de la Saint-Sylvestre le 3 f\u00e9vrier 2018<br><\/p><\/div>\n<\/div><\/div><\/div>\n<\/div><\/div>\n<\/div><\/div><\/div>\n<\/div><\/div>\n\n\n\n<div class=\"wp-block-stackable-spacer stk-block-spacer stk--no-padding stk-block stk-f751ac1\" data-block-id=\"f751ac1\"><style>.stk-f751ac1 {height:130px !important;}@media screen and (max-width:999px){.stk-f751ac1 {height:70px !important;}}<\/style><\/div>","protected":false},"excerpt":{"rendered":"<p>\u745e\u58eb\u65e5\u5185\u74e6\u534e\u4eba\u5408\u5531\u56e2\u7b80\u4ecb \u5408\u5531\u56e2\u6210\u7acb \u65e5\u5185\u74e6\u534e\u4eba\u5408\u5531\u56e2\u7531\u827a\u672f\u603b\u76d1\u517c\u6307\u6325\u8096\u6d77\u4f26\u5973\u58eb\u3001\u56e2\u957f\u90d1\u7fa4\u5973\u58eb\u3001\u4e50\u7406\u6307\u5bfc\u517c\u526f\u6307 [&hellip;]<\/p>\n","protected":false},"author":1,"featured_media":0,"parent":0,"menu_order":0,"comment_status":"closed","ping_status":"closed","template":"","meta":{"footnotes":""},"class_list":["post-607","page","type-page","status-publish","hentry"],"blocksy_meta":{"page_title_panel":"","has_hero_section":"disabled","fe1c64ab89945cda534f4bb2d579ae1a":"","hero_section":"type-1","hero_elements":[{"id":"custom_title","enabled":true,"heading_tag":"h1","title":"Accueil"},{"id":"custom_description","enabled":true,"description_visibility":{"desktop":true,"tablet":true,"mobile":false}},{"id":"custom_meta","enabled":false,"meta_elements":[{"id":"author","enabled":true,"label":"By","has_author_avatar":"yes","avatar_size":25},{"id":"post_date","enabled":true,"label":"On","date_format_source":"default","date_format":"M j, Y"},{"id":"updated_date","enabled":false,"label":"On","date_format_source":"default","date_format":"M j, Y"},{"id":"categories","enabled":false,"label":"In","style":"simple"},{"id":"comments","enabled":true}],"page_meta_elements":{"joined":true,"articles_count":true,"comments":true}},{"id":"breadcrumbs","enabled":false}],"433b02732bec8d55ec282f00a9a700eb":"","hero_alignment1":"CT_CSS_SKIP_RULE","hero_margin":40,"hero_alignment2":"center","hero_vertical_alignment":"center","fdbb34d69d6afe2394c07d96c9ea0b60":"","hero_structure":"narrow","cb306aece5e91b9a44875e4a81075440":"","page_title_bg_type":"featured_image","custom_hero_background":{"attachment_id":null},"page_title_image_size":"full","parallax":{"desktop":false,"tablet":false,"mobile":false},"034bc954f3c533bc75ffdf62670c8395":"","hero_height":"250px","pageTitleFont":{"family":"Default","variation":"Default","size":"30px","line-height":"CT_CSS_SKIP_RULE","letter-spacing":"CT_CSS_SKIP_RULE","text-transform":"CT_CSS_SKIP_RULE","text-decoration":"CT_CSS_SKIP_RULE"},"pageTitleFontColor":{"default":{"color":"CT_CSS_SKIP_RULEDEFAULT"}},"pageMetaFont":{"family":"Default","variation":"n6","size":"12px","line-height":"1.3","letter-spacing":"CT_CSS_SKIP_RULE","text-transform":"uppercase","text-decoration":"CT_CSS_SKIP_RULE"},"pageMetaFontColor":{"default":{"color":"CT_CSS_SKIP_RULEDEFAULT"},"hover":{"color":"CT_CSS_SKIP_RULEDEFAULT"}},"page_meta_button_type_font_colors":{"default":{"color":"CT_CSS_SKIP_RULEDEFAULT"},"hover":{"color":"CT_CSS_SKIP_RULEDEFAULT"}},"page_meta_button_type_background_colors":{"default":{"color":"CT_CSS_SKIP_RULEDEFAULT"},"hover":{"color":"CT_CSS_SKIP_RULEDEFAULT"}},"pageExcerptFont":{"family":"Default","variation":"Default","size":"CT_CSS_SKIP_RULE","line-height":"CT_CSS_SKIP_RULE","letter-spacing":"CT_CSS_SKIP_RULE","text-transform":"CT_CSS_SKIP_RULE","text-decoration":"CT_CSS_SKIP_RULE"},"pageExcerptColor":{"default":{"color":"CT_CSS_SKIP_RULEDEFAULT"}},"breadcrumbsFont":{"family":"Default","variation":"Default","size":"CT_CSS_SKIP_RULE","line-height":"CT_CSS_SKIP_RULE","letter-spacing":"CT_CSS_SKIP_RULE","text-transform":"CT_CSS_SKIP_RULE","text-decoration":"CT_CSS_SKIP_RULE"},"breadcrumbsFontColor":{"default":{"color":"CT_CSS_SKIP_RULEDEFAULT"},"initial":{"color":"CT_CSS_SKIP_RULEDEFAULT"},"hover":{"color":"CT_CSS_SKIP_RULEDEFAULT"}},"pageTitleOverlay":{"background_type":"color","background_pattern":"type-1","background_image":{"attachment_id":null,"x":0,"y":0},"gradient":"linear-gradient(135deg,rgba(6,147,227,1) 0%,rgb(155,81,224) 100%)","background_repeat":"repeat","background_size":"auto","background_attachment":"scroll","patternColor":{"default":{"color":"#e5e7ea"}},"overlayColor":{"default":{"color":"CT_CSS_SKIP_RULE"}},"backgroundColor":{"default":{"color":"CT_CSS_SKIP_RULE"}}},"pageTitleBackground":{"background_type":"color","background_pattern":"type-1","background_image":{"attachment_id":null,"x":0,"y":0},"gradient":"linear-gradient(135deg,rgba(6,147,227,1) 0%,rgb(155,81,224) 100%)","background_repeat":"repeat","background_size":"auto","background_attachment":"scroll","patternColor":{"default":{"color":"#e5e7ea"}},"overlayColor":{"default":{"color":"CT_CSS_SKIP_RULE"}},"backgroundColor":{"default":{"color":"var(--theme-palette-color-6)"}}},"pageTitlePadding":{"top":"50px","bottom":"50px","left":"auto","right":"auto","linked":true},"12e455f30de1d15aed0effbbb6f951bf":"","page_structure_type":"default","f474d2f3ad69b4e64f52dac0a3aa2bb2":"","content_style_source":"inherit","content_style":"wide","vertical_spacing_source":"custom","content_area_spacing":"none","background":{"background_type":"color","background_pattern":"type-1","background_image":{"attachment_id":null,"x":0,"y":0},"gradient":"linear-gradient(135deg,rgba(6,147,227,1) 0%,rgb(155,81,224) 100%)","background_repeat":"repeat","background_size":"auto","background_attachment":"scroll","patternColor":{"default":{"color":"#e5e7ea"}},"overlayColor":{"default":{"color":"CT_CSS_SKIP_RULE"}},"backgroundColor":{"default":{"color":"CT_CSS_SKIP_RULE"}}},"content_background":{"background_type":"color","background_pattern":"type-1","background_image":{"attachment_id":null,"x":0,"y":0},"gradient":"linear-gradient(135deg,rgba(6,147,227,1) 0%,rgb(155,81,224) 100%)","background_repeat":"repeat","background_size":"auto","background_attachment":"scroll","patternColor":{"default":{"color":"#e5e7ea"}},"overlayColor":{"default":{"color":"CT_CSS_SKIP_RULE"}},"backgroundColor":{"default":{"color":"var(--theme-palette-color-8)"}}},"content_boxed_shadow":{"inherit":false,"blur":18,"spread":-6,"v_offset":12,"h_offset":0,"inset":false,"enable":true,"color":{"color":"rgba(34, 56, 101, 0.04)"}},"content_boxed_border":{"width":1,"style":"none","color":{"color":"rgba(44,62,80,0.2)"}},"content_boxed_radius":{"top":"3px","bottom":"3px","left":"3px","right":"3px","linked":true},"boxed_content_spacing":{"desktop":{"top":"40px","bottom":"40px","left":"40px","right":"40px","linked":true},"tablet":{"top":"35px","bottom":"35px","left":"35px","right":"35px","linked":true},"mobile":{"top":"20px","bottom":"20px","left":"20px","right":"20px","linked":true}},"fca9f1d1c7aa58a4b21dd78357f6373e":"","disable_featured_image":"no","disable_share_box":"no","disable_header":"no","disable_footer":"no","styles_descriptor":{"styles":{"desktop":"","tablet":"","mobile":""},"google_fonts":[],"version":6}},"yoast_head":"<!-- This site is optimized with the Yoast SEO plugin v27.0 - https:\/\/yoast.com\/product\/yoast-seo-wordpress\/ -->\n<title>\u5173\u4e8e\u6211\u4eec - \u65e5\u5185\u74e6\u534e\u4eba\u5408\u5531\u56e2<\/title>\n<meta name=\"robots\" content=\"index, follow, max-snippet:-1, max-image-preview:large, max-video-preview:-1\" \/>\n<link rel=\"canonical\" href=\"https:\/\/gccswiss.ch\/fr\/about\/\" \/>\n<meta property=\"og:locale\" content=\"fr_FR\" \/>\n<meta property=\"og:type\" content=\"article\" \/>\n<meta property=\"og:title\" content=\"\u5173\u4e8e\u6211\u4eec - \u65e5\u5185\u74e6\u534e\u4eba\u5408\u5531\u56e2\" \/>\n<meta property=\"og:description\" content=\"\u745e\u58eb\u65e5\u5185\u74e6\u534e\u4eba\u5408\u5531\u56e2\u7b80\u4ecb \u5408\u5531\u56e2\u6210\u7acb \u65e5\u5185\u74e6\u534e\u4eba\u5408\u5531\u56e2\u7531\u827a\u672f\u603b\u76d1\u517c\u6307\u6325\u8096\u6d77\u4f26\u5973\u58eb\u3001\u56e2\u957f\u90d1\u7fa4\u5973\u58eb\u3001\u4e50\u7406\u6307\u5bfc\u517c\u526f\u6307 [&hellip;]\" \/>\n<meta property=\"og:url\" content=\"https:\/\/gccswiss.ch\/fr\/about\/\" \/>\n<meta property=\"og:site_name\" content=\"\u65e5\u5185\u74e6\u534e\u4eba\u5408\u5531\u56e2\" \/>\n<meta property=\"article:modified_time\" content=\"2026-02-22T08:08:51+00:00\" \/>\n<meta property=\"og:image\" content=\"https:\/\/gccswiss.ch\/wp-content\/uploads\/2025\/09\/1757343147155.jpg\" \/>\n\t<meta property=\"og:image:width\" content=\"1502\" \/>\n\t<meta property=\"og:image:height\" content=\"2230\" \/>\n\t<meta property=\"og:image:type\" content=\"image\/jpeg\" \/>\n<meta name=\"twitter:card\" content=\"summary_large_image\" \/>\n<script type=\"application\/ld+json\" class=\"yoast-schema-graph\">{\"@context\":\"https:\/\/schema.org\",\"@graph\":[{\"@type\":\"WebPage\",\"@id\":\"https:\/\/gccswiss.ch\/about\/\",\"url\":\"https:\/\/gccswiss.ch\/about\/\",\"name\":\"\u5173\u4e8e\u6211\u4eec - \u65e5\u5185\u74e6\u534e\u4eba\u5408\u5531\u56e2\",\"isPartOf\":{\"@id\":\"https:\/\/gccswiss.ch\/#website\"},\"primaryImageOfPage\":{\"@id\":\"https:\/\/gccswiss.ch\/about\/#primaryimage\"},\"image\":{\"@id\":\"https:\/\/gccswiss.ch\/about\/#primaryimage\"},\"thumbnailUrl\":\"https:\/\/gccswiss.ch\/wp-content\/uploads\/2025\/09\/1757343147155.jpg\",\"datePublished\":\"2022-06-15T10:18:17+00:00\",\"dateModified\":\"2026-02-22T08:08:51+00:00\",\"breadcrumb\":{\"@id\":\"https:\/\/gccswiss.ch\/about\/#breadcrumb\"},\"inLanguage\":\"fr-FR\",\"potentialAction\":[{\"@type\":\"ReadAction\",\"target\":[\"https:\/\/gccswiss.ch\/about\/\"]}]},{\"@type\":\"ImageObject\",\"inLanguage\":\"fr-FR\",\"@id\":\"https:\/\/gccswiss.ch\/about\/#primaryimage\",\"url\":\"https:\/\/gccswiss.ch\/wp-content\/uploads\/2025\/09\/1757343147155.jpg\",\"contentUrl\":\"https:\/\/gccswiss.ch\/wp-content\/uploads\/2025\/09\/1757343147155.jpg\"},{\"@type\":\"BreadcrumbList\",\"@id\":\"https:\/\/gccswiss.ch\/about\/#breadcrumb\",\"itemListElement\":[{\"@type\":\"ListItem\",\"position\":1,\"name\":\"Home\",\"item\":\"https:\/\/gccswiss.ch\/\"},{\"@type\":\"ListItem\",\"position\":2,\"name\":\"\u5173\u4e8e\u6211\u4eec\"}]},{\"@type\":\"WebSite\",\"@id\":\"https:\/\/gccswiss.ch\/#website\",\"url\":\"https:\/\/gccswiss.ch\/\",\"name\":\"\u65e5\u5185\u74e6\u534e\u4eba\u5408\u5531\u56e2\",\"description\":\"\",\"potentialAction\":[{\"@type\":\"SearchAction\",\"target\":{\"@type\":\"EntryPoint\",\"urlTemplate\":\"https:\/\/gccswiss.ch\/?s={search_term_string}\"},\"query-input\":{\"@type\":\"PropertyValueSpecification\",\"valueRequired\":true,\"valueName\":\"search_term_string\"}}],\"inLanguage\":\"fr-FR\"}]}<\/script>\n<!-- \/ Yoast SEO plugin. -->","yoast_head_json":{"title":"A propos de nous - Geneva Chinese Choir","robots":{"index":"index","follow":"follow","max-snippet":"max-snippet:-1","max-image-preview":"max-image-preview:large","max-video-preview":"max-video-preview:-1"},"canonical":"https:\/\/gccswiss.ch\/fr\/about\/","og_locale":"fr_FR","og_type":"article","og_title":"\u5173\u4e8e\u6211\u4eec - \u65e5\u5185\u74e6\u534e\u4eba\u5408\u5531\u56e2","og_description":"\u745e\u58eb\u65e5\u5185\u74e6\u534e\u4eba\u5408\u5531\u56e2\u7b80\u4ecb \u5408\u5531\u56e2\u6210\u7acb \u65e5\u5185\u74e6\u534e\u4eba\u5408\u5531\u56e2\u7531\u827a\u672f\u603b\u76d1\u517c\u6307\u6325\u8096\u6d77\u4f26\u5973\u58eb\u3001\u56e2\u957f\u90d1\u7fa4\u5973\u58eb\u3001\u4e50\u7406\u6307\u5bfc\u517c\u526f\u6307 [&hellip;]","og_url":"https:\/\/gccswiss.ch\/fr\/about\/","og_site_name":"\u65e5\u5185\u74e6\u534e\u4eba\u5408\u5531\u56e2","article_modified_time":"2026-02-22T08:08:51+00:00","og_image":[{"width":1502,"height":2230,"url":"https:\/\/gccswiss.ch\/wp-content\/uploads\/2025\/09\/1757343147155.jpg","type":"image\/jpeg"}],"twitter_card":"summary_large_image","schema":{"@context":"https:\/\/schema.org","@graph":[{"@type":"WebPage","@id":"https:\/\/gccswiss.ch\/about\/","url":"https:\/\/gccswiss.ch\/about\/","name":"A propos de nous - Geneva Chinese Choir","isPartOf":{"@id":"https:\/\/gccswiss.ch\/#website"},"primaryImageOfPage":{"@id":"https:\/\/gccswiss.ch\/about\/#primaryimage"},"image":{"@id":"https:\/\/gccswiss.ch\/about\/#primaryimage"},"thumbnailUrl":"https:\/\/gccswiss.ch\/wp-content\/uploads\/2025\/09\/1757343147155.jpg","datePublished":"2022-06-15T10:18:17+00:00","dateModified":"2026-02-22T08:08:51+00:00","breadcrumb":{"@id":"https:\/\/gccswiss.ch\/about\/#breadcrumb"},"inLanguage":"fr-FR","potentialAction":[{"@type":"ReadAction","target":["https:\/\/gccswiss.ch\/about\/"]}]},{"@type":"ImageObject","inLanguage":"fr-FR","@id":"https:\/\/gccswiss.ch\/about\/#primaryimage","url":"https:\/\/gccswiss.ch\/wp-content\/uploads\/2025\/09\/1757343147155.jpg","contentUrl":"https:\/\/gccswiss.ch\/wp-content\/uploads\/2025\/09\/1757343147155.jpg"},{"@type":"BreadcrumbList","@id":"https:\/\/gccswiss.ch\/about\/#breadcrumb","itemListElement":[{"@type":"ListItem","position":1,"name":"Home","item":"https:\/\/gccswiss.ch\/"},{"@type":"ListItem","position":2,"name":"\u5173\u4e8e\u6211\u4eec"}]},{"@type":"WebSite","@id":"https:\/\/gccswiss.ch\/#website","url":"https:\/\/gccswiss.ch\/","name":"La Chorale Chinoise de Gen\u00e8ve","description":"","potentialAction":[{"@type":"SearchAction","target":{"@type":"EntryPoint","urlTemplate":"https:\/\/gccswiss.ch\/?s={search_term_string}"},"query-input":{"@type":"PropertyValueSpecification","valueRequired":true,"valueName":"search_term_string"}}],"inLanguage":"fr-FR"}]}},"_links":{"self":[{"href":"https:\/\/gccswiss.ch\/fr\/wp-json\/wp\/v2\/pages\/607","targetHints":{"allow":["GET"]}}],"collection":[{"href":"https:\/\/gccswiss.ch\/fr\/wp-json\/wp\/v2\/pages"}],"about":[{"href":"https:\/\/gccswiss.ch\/fr\/wp-json\/wp\/v2\/types\/page"}],"author":[{"embeddable":true,"href":"https:\/\/gccswiss.ch\/fr\/wp-json\/wp\/v2\/users\/1"}],"replies":[{"embeddable":true,"href":"https:\/\/gccswiss.ch\/fr\/wp-json\/wp\/v2\/comments?post=607"}],"version-history":[{"count":7,"href":"https:\/\/gccswiss.ch\/fr\/wp-json\/wp\/v2\/pages\/607\/revisions"}],"predecessor-version":[{"id":819,"href":"https:\/\/gccswiss.ch\/fr\/wp-json\/wp\/v2\/pages\/607\/revisions\/819"}],"wp:attachment":[{"href":"https:\/\/gccswiss.ch\/fr\/wp-json\/wp\/v2\/media?parent=607"}],"curies":[{"name":"wp","href":"https:\/\/api.w.org\/{rel}","templated":true}]}}